{"id":3507,"date":"2021-05-18T16:44:24","date_gmt":"2021-05-18T14:44:24","guid":{"rendered":"https:\/\/photoclub-sg35.fr\/?page_id=3507"},"modified":"2021-05-28T13:18:34","modified_gmt":"2021-05-28T11:18:34","slug":"agenda","status":"publish","type":"page","link":"https:\/\/photoclub-sg35.fr\/?page_id=3507","title":{"rendered":"Agenda"},"content":{"rendered":"\t\t<div data-elementor-type=\"wp-page\" data-elementor-id=\"3507\" class=\"elementor elementor-3507\">\n\t\t\t\t\t\t<section class=\"elementor-section elementor-top-section elementor-element elementor-element-f733f0e elementor-section-boxed elementor-section-height-default elementor-section-height-default\" data-id=\"f733f0e\" data-element_type=\"section\" data-e-type=\"section\">\n\t\t\t\t\t\t<div class=\"elementor-container elementor-column-gap-default\">\n\t\t\t\t\t<div class=\"elementor-column elementor-col-100 elementor-top-column elementor-element elementor-element-9e54110\" data-id=\"9e54110\" data-element_type=\"column\" data-e-type=\"column\">\n\t\t\t<div class=\"elementor-widget-wrap elementor-element-populated\">\n\t\t\t\t\t\t<div class=\"elementor-element elementor-element-6dc7700 elementor-widget elementor-widget-text-editor\" data-id=\"6dc7700\" data-element_type=\"widget\" data-e-type=\"widget\" data-widget_type=\"text-editor.default\">\n\t\t\t\t<div class=\"elementor-widget-container\">\n\t\t\t\t\t\t\t\t\t<p><div id=\"mec_skin_3630\" class=\"mec-wrap colorskin-custom   mec-full-calendar-wrap\">\r\n\r\n    <div class=\"mec-search-form mec-totalcal-box\">\r\n                                    <div id=\"mec_search_form_3630\" class=\"\">\r\n\r\n            \r\n            <div class=\"mec-dropdown-wrap\">\r\n                                                                                                            <\/div>\r\n        <\/div>\r\n        <div id=\"mec_search_form_3630\">\r\n                                <\/div>\r\n        <div id=\"mec_search_form_3630\" class=\"mec-full-calendar-search-ends\">\r\n                            <div class=\"mec-text-input-search\"><i class=\"mec-sl-magnifier\"><\/i>\r\n                    <input type=\"search\" value=\"\" id=\"mec_sf_s_3630\" placeholder=\"\" \/>\r\n                <\/div>                                        <div class=\"mec-date-search\"><input type=\"hidden\" id=\"mec-filter-none\" value=\"Tout s\u00e9lectionner\"><i class=\"mec-sl-calendar\"><\/i>\r\n                    <select id=\"mec_sf_month_3630\">\r\n                        <option value=\"\">Select Month<\/option><option class=\"mec-none-item\" value=\"none\" selected=\"selected\">Tout s\u00e9lectionner<\/option><option value=\"01\">janvier<\/option><option value=\"02\">f\u00e9vrier<\/option><option value=\"03\">mars<\/option><option value=\"04\">avril<\/option><option value=\"05\">mai<\/option><option value=\"06\">juin<\/option><option value=\"07\">juillet<\/option><option value=\"08\">ao\u00fbt<\/option><option value=\"09\">septembre<\/option><option value=\"10\">octobre<\/option><option value=\"11\">novembre<\/option><option value=\"12\">d\u00e9cembre<\/option><\/select><select id=\"mec_sf_year_3630\"><option class=\"mec-none-item\" value=\"none\" selected=\"selected\">Tout s\u00e9lectionner<\/option><option value=\"2026\">2026<\/option><option value=\"2027\">2027<\/option><option value=\"2028\">2028<\/option><option value=\"2029\">2029<\/option><option value=\"2030\">2030<\/option><option value=\"2031\">2031<\/option><option value=\"2032\">2032<\/option><option value=\"2033\">2033<\/option><option value=\"2034\">2034<\/option><\/select><\/div>                                                <div class=\"col-md-12 mec-tab-loader\">\r\n                <div class=\"mec-totalcal-view\">\r\n                                        <span class=\"mec-totalcal-monthlyview\" data-skin=\"monthly\">Mensuelle<\/span>                    <span class=\"mec-totalcal-weeklyview\" data-skin=\"weekly\">Hebdomadaire<\/span>                    <span class=\"mec-totalcal-dailyview\" data-skin=\"daily\">Quotidienne<\/span>                    <span class=\"mec-totalcal-listview mec-totalcalview-selected\" data-skin=\"list\">Vu en liste<\/span>                    <span class=\"mec-totalcal-gridview\" data-skin=\"grid\">Grid<\/span>                    <span class=\"mec-totalcal-tileview\" data-skin=\"tile\">Tile<\/span>                <\/div>\r\n            <\/div>\r\n        <\/div>\r\n            <\/div>\r\n\r\n    <div id=\"mec_full_calendar_container_3630\" class=\"mec-full-calendar-skin-container\">\r\n        <div class=\"mec-wrap mec-skin-list-container  \" id=\"mec_skin_3630\">\r\n\r\n    \r\n        <div class=\"mec-skin-list-events-container\" id=\"mec_skin_events_3630\">\r\n        Pas d&#039;\u00e9v\u00e9nement actuellement programm\u00e9.    <\/div>\r\n    \r\n    \r\n<\/div>    <\/div>\r\n\r\n<\/div><\/p>\t\t\t\t\t\t\t\t<\/div>\n\t\t\t\t<\/div>\n\t\t\t\t\t<\/div>\n\t\t<\/div>\n\t\t\t\t\t<\/div>\n\t\t<\/section>\n\t\t\t\t<\/div>\n\t\t","protected":false},"excerpt":{"rendered":"<p>Select MonthTout s\u00e9lectionnerjanvierf\u00e9vriermarsavrilmaijuinjuilletao\u00fbtseptembreoctobrenovembred\u00e9cembreTout s\u00e9lectionner202620272028202920302031203220332034 Mensuelle Hebdomadaire Quotidienne Vu en liste Grid Tile Pas d&#039;\u00e9v\u00e9nement actuellement programm\u00e9.<\/p>\n","protected":false},"author":6,"featured_media":0,"parent":0,"menu_order":0,"comment_status":"closed","ping_status":"closed","template":"","meta":{"footnotes":""},"class_list":["post-3507","page","type-page","status-publish","hentry"],"yoast_head":"<!-- This site is optimized with the Yoast SEO plugin v27.5 - https:\/\/yoast.com\/product\/yoast-seo-wordpress\/ -->\n<title>Agenda - Photoclub-SG35<\/title>\n<meta name=\"robots\" content=\"index, follow, max-snippet:-1, max-image-preview:large, max-video-preview:-1\" \/>\n<link rel=\"canonical\" href=\"https:\/\/photoclub-sg35.fr\/?page_id=3507\" \/>\n<meta property=\"og:locale\" content=\"fr_FR\" \/>\n<meta property=\"og:type\" content=\"article\" \/>\n<meta property=\"og:title\" content=\"Agenda - Photoclub-SG35\" \/>\n<meta property=\"og:url\" content=\"https:\/\/photoclub-sg35.fr\/?page_id=3507\" \/>\n<meta property=\"og:site_name\" content=\"Photoclub-SG35\" \/>\n<meta property=\"article:publisher\" content=\"https:\/\/www.facebook.com\/photoclubsaintgilles\" \/>\n<meta property=\"article:modified_time\" content=\"2021-05-28T11:18:34+00:00\" \/>\n<meta name=\"twitter:card\" content=\"summary_large_image\" \/>\n<script type=\"application\/ld+json\" class=\"yoast-schema-graph\">{\"@context\":\"https:\\\/\\\/schema.org\",\"@graph\":[{\"@type\":\"WebPage\",\"@id\":\"https:\\\/\\\/photoclub-sg35.fr\\\/?page_id=3507\",\"url\":\"https:\\\/\\\/photoclub-sg35.fr\\\/?page_id=3507\",\"name\":\"Agenda - Photoclub-SG35\",\"isPartOf\":{\"@id\":\"https:\\\/\\\/photoclub-saintgilles.fr\\\/#website\"},\"datePublished\":\"2021-05-18T14:44:24+00:00\",\"dateModified\":\"2021-05-28T11:18:34+00:00\",\"breadcrumb\":{\"@id\":\"https:\\\/\\\/photoclub-sg35.fr\\\/?page_id=3507#breadcrumb\"},\"inLanguage\":\"fr-FR\",\"potentialAction\":[{\"@type\":\"ReadAction\",\"target\":[\"https:\\\/\\\/photoclub-sg35.fr\\\/?page_id=3507\"]}]},{\"@type\":\"BreadcrumbList\",\"@id\":\"https:\\\/\\\/photoclub-sg35.fr\\\/?page_id=3507#breadcrumb\",\"itemListElement\":[{\"@type\":\"ListItem\",\"position\":1,\"name\":\"Accueil\",\"item\":\"https:\\\/\\\/photoclub-saintgilles.fr\\\/\"},{\"@type\":\"ListItem\",\"position\":2,\"name\":\"Agenda\"}]},{\"@type\":\"WebSite\",\"@id\":\"https:\\\/\\\/photoclub-saintgilles.fr\\\/#website\",\"url\":\"https:\\\/\\\/photoclub-saintgilles.fr\\\/\",\"name\":\"Photoclub-SG35\",\"description\":\"Photo club Saint-Gilles - (Rennes)\",\"publisher\":{\"@id\":\"https:\\\/\\\/photoclub-saintgilles.fr\\\/#organization\"},\"potentialAction\":[{\"@type\":\"SearchAction\",\"target\":{\"@type\":\"EntryPoint\",\"urlTemplate\":\"https:\\\/\\\/photoclub-saintgilles.fr\\\/?s={search_term_string}\"},\"query-input\":{\"@type\":\"PropertyValueSpecification\",\"valueRequired\":true,\"valueName\":\"search_term_string\"}}],\"inLanguage\":\"fr-FR\"},{\"@type\":\"Organization\",\"@id\":\"https:\\\/\\\/photoclub-saintgilles.fr\\\/#organization\",\"name\":\"PhotoClub Saint-Gilles\",\"url\":\"https:\\\/\\\/photoclub-saintgilles.fr\\\/\",\"logo\":{\"@type\":\"ImageObject\",\"inLanguage\":\"fr-FR\",\"@id\":\"https:\\\/\\\/photoclub-saintgilles.fr\\\/#\\\/schema\\\/logo\\\/image\\\/\",\"url\":\"https:\\\/\\\/photoclub-sg35.fr\\\/wp-content\\\/uploads\\\/2021\\\/05\\\/logo-300x109-1.jpg\",\"contentUrl\":\"https:\\\/\\\/photoclub-sg35.fr\\\/wp-content\\\/uploads\\\/2021\\\/05\\\/logo-300x109-1.jpg\",\"width\":300,\"height\":86,\"caption\":\"PhotoClub Saint-Gilles\"},\"image\":{\"@id\":\"https:\\\/\\\/photoclub-saintgilles.fr\\\/#\\\/schema\\\/logo\\\/image\\\/\"},\"sameAs\":[\"https:\\\/\\\/www.facebook.com\\\/photoclubsaintgilles\",\"https:\\\/\\\/www.instagram.com\\\/photoclubsaintgilles\\\/\"]}]}<\/script>\n<!-- \/ Yoast SEO plugin. -->","yoast_head_json":{"title":"Agenda - Photoclub-SG35","robots":{"index":"index","follow":"follow","max-snippet":"max-snippet:-1","max-image-preview":"max-image-preview:large","max-video-preview":"max-video-preview:-1"},"canonical":"https:\/\/photoclub-sg35.fr\/?page_id=3507","og_locale":"fr_FR","og_type":"article","og_title":"Agenda - Photoclub-SG35","og_url":"https:\/\/photoclub-sg35.fr\/?page_id=3507","og_site_name":"Photoclub-SG35","article_publisher":"https:\/\/www.facebook.com\/photoclubsaintgilles","article_modified_time":"2021-05-28T11:18:34+00:00","twitter_card":"summary_large_image","schema":{"@context":"https:\/\/schema.org","@graph":[{"@type":"WebPage","@id":"https:\/\/photoclub-sg35.fr\/?page_id=3507","url":"https:\/\/photoclub-sg35.fr\/?page_id=3507","name":"Agenda - Photoclub-SG35","isPartOf":{"@id":"https:\/\/photoclub-saintgilles.fr\/#website"},"datePublished":"2021-05-18T14:44:24+00:00","dateModified":"2021-05-28T11:18:34+00:00","breadcrumb":{"@id":"https:\/\/photoclub-sg35.fr\/?page_id=3507#breadcrumb"},"inLanguage":"fr-FR","potentialAction":[{"@type":"ReadAction","target":["https:\/\/photoclub-sg35.fr\/?page_id=3507"]}]},{"@type":"BreadcrumbList","@id":"https:\/\/photoclub-sg35.fr\/?page_id=3507#breadcrumb","itemListElement":[{"@type":"ListItem","position":1,"name":"Accueil","item":"https:\/\/photoclub-saintgilles.fr\/"},{"@type":"ListItem","position":2,"name":"Agenda"}]},{"@type":"WebSite","@id":"https:\/\/photoclub-saintgilles.fr\/#website","url":"https:\/\/photoclub-saintgilles.fr\/","name":"Photoclub-SG35","description":"Photo club Saint-Gilles - (Rennes)","publisher":{"@id":"https:\/\/photoclub-saintgilles.fr\/#organization"},"potentialAction":[{"@type":"SearchAction","target":{"@type":"EntryPoint","urlTemplate":"https:\/\/photoclub-saintgilles.fr\/?s={search_term_string}"},"query-input":{"@type":"PropertyValueSpecification","valueRequired":true,"valueName":"search_term_string"}}],"inLanguage":"fr-FR"},{"@type":"Organization","@id":"https:\/\/photoclub-saintgilles.fr\/#organization","name":"PhotoClub Saint-Gilles","url":"https:\/\/photoclub-saintgilles.fr\/","logo":{"@type":"ImageObject","inLanguage":"fr-FR","@id":"https:\/\/photoclub-saintgilles.fr\/#\/schema\/logo\/image\/","url":"https:\/\/photoclub-sg35.fr\/wp-content\/uploads\/2021\/05\/logo-300x109-1.jpg","contentUrl":"https:\/\/photoclub-sg35.fr\/wp-content\/uploads\/2021\/05\/logo-300x109-1.jpg","width":300,"height":86,"caption":"PhotoClub Saint-Gilles"},"image":{"@id":"https:\/\/photoclub-saintgilles.fr\/#\/schema\/logo\/image\/"},"sameAs":["https:\/\/www.facebook.com\/photoclubsaintgilles","https:\/\/www.instagram.com\/photoclubsaintgilles\/"]}]}},"_links":{"self":[{"href":"https:\/\/photoclub-sg35.fr\/index.php?rest_route=\/wp\/v2\/pages\/3507","targetHints":{"allow":["GET"]}}],"collection":[{"href":"https:\/\/photoclub-sg35.fr\/index.php?rest_route=\/wp\/v2\/pages"}],"about":[{"href":"https:\/\/photoclub-sg35.fr\/index.php?rest_route=\/wp\/v2\/types\/page"}],"author":[{"embeddable":true,"href":"https:\/\/photoclub-sg35.fr\/index.php?rest_route=\/wp\/v2\/users\/6"}],"replies":[{"embeddable":true,"href":"https:\/\/photoclub-sg35.fr\/index.php?rest_route=%2Fwp%2Fv2%2Fcomments&post=3507"}],"version-history":[{"count":10,"href":"https:\/\/photoclub-sg35.fr\/index.php?rest_route=\/wp\/v2\/pages\/3507\/revisions"}],"predecessor-version":[{"id":3633,"href":"https:\/\/photoclub-sg35.fr\/index.php?rest_route=\/wp\/v2\/pages\/3507\/revisions\/3633"}],"wp:attachment":[{"href":"https:\/\/photoclub-sg35.fr\/index.php?rest_route=%2Fwp%2Fv2%2Fmedia&parent=3507"}],"curies":[{"name":"wp","href":"https:\/\/api.w.org\/{rel}","templated":true}]}}